{"id":5,"date":"2016-03-25T09:48:58","date_gmt":"2016-03-25T08:48:58","guid":{"rendered":"http:\/\/garage-acauto.fr\/?page_id=5"},"modified":"2019-03-21T16:03:09","modified_gmt":"2019-03-21T15:03:09","slug":"page-site-construction","status":"publish","type":"page","link":"https:\/\/garage-acauto.fr\/","title":{"rendered":"Page site en construction."},"content":{"rendered":"<div id=\"cs-content\" class=\"cs-content\"><\/div>\n","protected":false},"excerpt":{"rendered":"<p>TEL : 02 51 00 20 00Garage Ac autolaurent@garage-acauto.frAgent PeugeotVente \/ R\u00e9parations v\u00e9hicules neufs et occasions Site en construction HORAIRES : Du lundi au vendredi de 8H30 \u00e0 12H30 et de 14H \u00e0 18H. Ferm\u00e9 le samediZone Artisanale Le Pironnet 85120 LA CHATAIGNERAIE<\/p>\n","protected":false},"author":1,"featured_media":0,"parent":0,"menu_order":0,"comment_status":"closed","ping_status":"closed","template":"template-blank-4.php","meta":{"footnotes":""},"class_list":["post-5","page","type-page","status-publish","hentry","no-post-thumbnail"],"yoast_head":"<!-- This site is optimized with the Yoast SEO plugin v27.5 - https:\/\/yoast.com\/product\/yoast-seo-wordpress\/ -->\n<title>Page site en construction. - Garage Ac Auto<\/title>\n<meta name=\"robots\" content=\"index, follow, max-snippet:-1, max-image-preview:large, max-video-preview:-1\" \/>\n<link rel=\"canonical\" href=\"https:\/\/garage-acauto.fr\/\" \/>\n<meta property=\"og:locale\" content=\"fr_FR\" \/>\n<meta property=\"og:type\" content=\"article\" \/>\n<meta property=\"og:title\" content=\"Page site en construction. - Garage Ac Auto\" \/>\n<meta property=\"og:description\" content=\"TEL : 02 51 00 20 00Garage Ac autolaurent@garage-acauto.frAgent PeugeotVente \/ R\u00e9parations v\u00e9hicules neufs et occasions Site en construction HORAIRES : Du lundi au vendredi de 8H30 \u00e0 12H30 et de 14H \u00e0 18H. Ferm\u00e9 le samediZone Artisanale Le Pironnet 85120 LA CHATAIGNERAIE\" \/>\n<meta property=\"og:url\" content=\"https:\/\/garage-acauto.fr\/\" \/>\n<meta property=\"og:site_name\" content=\"Garage Ac Auto\" \/>\n<meta property=\"article:modified_time\" content=\"2019-03-21T15:03:09+00:00\" \/>\n<meta name=\"twitter:card\" content=\"summary_large_image\" \/>\n<meta name=\"twitter:label1\" content=\"Dur\u00e9e de lecture estim\u00e9e\" \/>\n\t<meta name=\"twitter:data1\" content=\"2 minutes\" \/>\n<script type=\"application\/ld+json\" class=\"yoast-schema-graph\">{\"@context\":\"https:\\\/\\\/schema.org\",\"@graph\":[{\"@type\":\"WebPage\",\"@id\":\"https:\\\/\\\/garage-acauto.fr\\\/\",\"url\":\"https:\\\/\\\/garage-acauto.fr\\\/\",\"name\":\"Page site en construction. - Garage Ac Auto\",\"isPartOf\":{\"@id\":\"https:\\\/\\\/garage-acauto.fr\\\/#website\"},\"datePublished\":\"2016-03-25T08:48:58+00:00\",\"dateModified\":\"2019-03-21T15:03:09+00:00\",\"breadcrumb\":{\"@id\":\"https:\\\/\\\/garage-acauto.fr\\\/#breadcrumb\"},\"inLanguage\":\"fr-FR\",\"potentialAction\":[{\"@type\":\"ReadAction\",\"target\":[\"https:\\\/\\\/garage-acauto.fr\\\/\"]}]},{\"@type\":\"BreadcrumbList\",\"@id\":\"https:\\\/\\\/garage-acauto.fr\\\/#breadcrumb\",\"itemListElement\":[{\"@type\":\"ListItem\",\"position\":1,\"name\":\"Accueil\",\"item\":\"https:\\\/\\\/garage-acauto.fr\\\/\"},{\"@type\":\"ListItem\",\"position\":2,\"name\":\"Page site en construction.\"}]},{\"@type\":\"WebSite\",\"@id\":\"https:\\\/\\\/garage-acauto.fr\\\/#website\",\"url\":\"https:\\\/\\\/garage-acauto.fr\\\/\",\"name\":\"Garage Ac Auto\",\"description\":\"AGENT PEUGEOT \\\/\\\/ VENTE \\\/ REPARATIONS VEHICULES NEUFS ET OCCASIONS\",\"potentialAction\":[{\"@type\":\"SearchAction\",\"target\":{\"@type\":\"EntryPoint\",\"urlTemplate\":\"https:\\\/\\\/garage-acauto.fr\\\/?s={search_term_string}\"},\"query-input\":{\"@type\":\"PropertyValueSpecification\",\"valueRequired\":true,\"valueName\":\"search_term_string\"}}],\"inLanguage\":\"fr-FR\"}]}<\/script>\n<!-- \/ Yoast SEO plugin. -->","yoast_head_json":{"title":"Page site en construction. - Garage Ac Auto","robots":{"index":"index","follow":"follow","max-snippet":"max-snippet:-1","max-image-preview":"max-image-preview:large","max-video-preview":"max-video-preview:-1"},"canonical":"https:\/\/garage-acauto.fr\/","og_locale":"fr_FR","og_type":"article","og_title":"Page site en construction. - Garage Ac Auto","og_description":"TEL : 02 51 00 20 00Garage Ac autolaurent@garage-acauto.frAgent PeugeotVente \/ R\u00e9parations v\u00e9hicules neufs et occasions Site en construction HORAIRES : Du lundi au vendredi de 8H30 \u00e0 12H30 et de 14H \u00e0 18H. Ferm\u00e9 le samediZone Artisanale Le Pironnet 85120 LA CHATAIGNERAIE","og_url":"https:\/\/garage-acauto.fr\/","og_site_name":"Garage Ac Auto","article_modified_time":"2019-03-21T15:03:09+00:00","twitter_card":"summary_large_image","twitter_misc":{"Dur\u00e9e de lecture estim\u00e9e":"2 minutes"},"schema":{"@context":"https:\/\/schema.org","@graph":[{"@type":"WebPage","@id":"https:\/\/garage-acauto.fr\/","url":"https:\/\/garage-acauto.fr\/","name":"Page site en construction. - Garage Ac Auto","isPartOf":{"@id":"https:\/\/garage-acauto.fr\/#website"},"datePublished":"2016-03-25T08:48:58+00:00","dateModified":"2019-03-21T15:03:09+00:00","breadcrumb":{"@id":"https:\/\/garage-acauto.fr\/#breadcrumb"},"inLanguage":"fr-FR","potentialAction":[{"@type":"ReadAction","target":["https:\/\/garage-acauto.fr\/"]}]},{"@type":"BreadcrumbList","@id":"https:\/\/garage-acauto.fr\/#breadcrumb","itemListElement":[{"@type":"ListItem","position":1,"name":"Accueil","item":"https:\/\/garage-acauto.fr\/"},{"@type":"ListItem","position":2,"name":"Page site en construction."}]},{"@type":"WebSite","@id":"https:\/\/garage-acauto.fr\/#website","url":"https:\/\/garage-acauto.fr\/","name":"Garage Ac Auto","description":"AGENT PEUGEOT \/\/ VENTE \/ REPARATIONS VEHICULES NEUFS ET OCCASIONS","potentialAction":[{"@type":"SearchAction","target":{"@type":"EntryPoint","urlTemplate":"https:\/\/garage-acauto.fr\/?s={search_term_string}"},"query-input":{"@type":"PropertyValueSpecification","valueRequired":true,"valueName":"search_term_string"}}],"inLanguage":"fr-FR"}]}},"_links":{"self":[{"href":"https:\/\/garage-acauto.fr\/index.php\/wp-json\/wp\/v2\/pages\/5","targetHints":{"allow":["GET"]}}],"collection":[{"href":"https:\/\/garage-acauto.fr\/index.php\/wp-json\/wp\/v2\/pages"}],"about":[{"href":"https:\/\/garage-acauto.fr\/index.php\/wp-json\/wp\/v2\/types\/page"}],"author":[{"embeddable":true,"href":"https:\/\/garage-acauto.fr\/index.php\/wp-json\/wp\/v2\/users\/1"}],"replies":[{"embeddable":true,"href":"https:\/\/garage-acauto.fr\/index.php\/wp-json\/wp\/v2\/comments?post=5"}],"version-history":[{"count":29,"href":"https:\/\/garage-acauto.fr\/index.php\/wp-json\/wp\/v2\/pages\/5\/revisions"}],"predecessor-version":[{"id":52,"href":"https:\/\/garage-acauto.fr\/index.php\/wp-json\/wp\/v2\/pages\/5\/revisions\/52"}],"wp:attachment":[{"href":"https:\/\/garage-acauto.fr\/index.php\/wp-json\/wp\/v2\/media?parent=5"}],"curies":[{"name":"wp","href":"https:\/\/api.w.org\/{rel}","templated":true}]}}